{"id":3,"date":"2021-04-27T07:48:17","date_gmt":"2021-04-27T07:48:17","guid":{"rendered":"https:\/\/polecomp.pl\/?page_id=3"},"modified":"2021-05-26T09:38:54","modified_gmt":"2021-05-26T09:38:54","slug":"privacy-policy","status":"publish","type":"page","link":"https:\/\/polecomp.pl\/pl\/privacy-policy\/","title":{"rendered":""},"content":{"rendered":"<div data-elementor-type=\"wp-page\" data-elementor-id=\"3\" class=\"elementor elementor-3\">\n\t\t\t\t\t\t\t\t\t<section class=\"elementor-section elementor-top-section elementor-element elementor-element-24205e2 elementor-section-boxed elementor-section-height-default elementor-section-height-default\" data-id=\"24205e2\" data-element_type=\"section\">\n\t\t\t\t\t\t<div class=\"elementor-container elementor-column-gap-default\">\n\t\t\t\t\t<div class=\"elementor-column elementor-col-100 elementor-top-column elementor-element elementor-element-3bdf586\" data-id=\"3bdf586\" data-element_type=\"column\">\n\t\t\t<div class=\"elementor-widget-wrap elementor-element-populated\">\n\t\t\t\t\t\t\t\t<div class=\"elementor-element elementor-element-8593813 elementor-widget elementor-widget-text-editor\" data-id=\"8593813\" data-element_type=\"widget\" data-widget_type=\"text-editor.default\">\n\t\t\t\t<div class=\"elementor-widget-container\">\n\t\t\t\t\t\t\t<h1>Polityka Prywatno\u015bci strony PoleComp<\/h1>\n\n<p>U nas w PoleComp, jednym z naszych g\u0142\u00f3wnych priorytet\u00f3w jest prywatno\u015b\u0107 naszych go\u015bci. Ten oto dokument Polityki Prywatno\u015bci zawiera rodzaje informacji kt\u00f3re s\u0105 zbierane i zapisywane przez PoleComp i sposoby na kt\u00f3re s\u0105 przez nas u\u017cywane.<\/p>\n\n<p>Je\u015bli masz dodatkowe pytania lub potrzebujesz wi\u0119cej informacji na temat naszej Polityki Prywatno\u015bci, nie wahaj si\u0119 z nami skontaktowa\u0107.<\/p>\n\n<p class=\" translation-block\">Niniejsza Polityka prywatno\u015bci dotyczy tylko naszych dzia\u0142a\u0144 online i jest wa\u017cna dla os\u00f3b odwiedzaj\u0105cych nasz\u0105 stron\u0119 internetow\u0105 w odniesieniu do informacji, kt\u00f3re udost\u0119pnili i \/ lub zbieraj\u0105 w PoleComp. Niniejsza polityka nie ma zastosowania do \u017cadnych informacji gromadzonych w trybie offline lub za po\u015brednictwem kana\u0142\u00f3w innych ni\u017c ta strona internetowa. Nasza Polityka Prywatno\u015bci zosta\u0142a stworzona przy pomocy <a href=\"https:\/\/www.generateprivacypolicy.com\/\" target=\"_self\">Privacy Policy Generator<\/a>.<\/p>\n\n<h2>Zgoda<\/h2>\n\n<p>Korzystaj\u0105c z naszej strony internetowej, wyra\u017casz zgod\u0119 na nasz\u0105 Polityk\u0119 prywatno\u015bci i zgadzasz si\u0119 na jej warunki.<\/p>\n\n<h2>Informacje, kt\u00f3re zbieramy<\/h2>\n\n<p>Dane osobowe, o podanie kt\u00f3rych jeste\u015b proszony, oraz powody, dla kt\u00f3rych jeste\u015b proszony o ich podanie, zostan\u0105 wyja\u015bnione w momencie, w kt\u00f3rym poprosimy Ci\u0119 o podanie danych osobowych.<\/p>\n<p>Je\u015bli skontaktujesz si\u0119 z nami bezpo\u015brednio, mo\u017cemy otrzyma\u0107 dodatkowe informacje o Tobie, takie jak imi\u0119 i nazwisko, adres e-mail, numer telefonu, tre\u015b\u0107 wiadomo\u015bci i \/ lub za\u0142\u0105czniki, kt\u00f3re mo\u017cesz nam przes\u0142a\u0107, oraz wszelkie inne informacje, kt\u00f3re zdecydujesz si\u0119 poda\u0107.<\/p>\n<p>Kiedy rejestrujesz konto, mo\u017cemy poprosi\u0107 o Twoje dane kontaktowe, w tym takie dane, jak imi\u0119 i nazwisko, nazwa firmy, adres, adres e-mail i numer telefonu.<\/p>\n\n<h2>Jak wykorzystujemy Twoje informacje<\/h2>\n\n<p>Informacje, kt\u00f3re zbieramy, wykorzystujemy na r\u00f3\u017cne sposoby, w tym do:<\/p>\n\n<ul>\n<li>Udost\u0119pniania, obs\u0142ugiwania i utrzymywania naszej witryny internetowej<\/li>\n<li>Ulepszania, personalizacji i rozwoju naszej witryny internetowej<\/li>\n<li>Zrozumienia i analizy, w jaki spos\u00f3b korzystasz z naszej strony internetowej<\/li>\n<li>Tworzenia nowych produkt\u00f3w, us\u0142ug i funkcji<\/li>\n<li>Komunikowania si\u0119 z Tob\u0105 bezpo\u015brednio lub za po\u015brednictwem jednego z naszych partner\u00f3w, w tym w celu obs\u0142ugi klienta, w celu dostarczania aktualizacji i innych informacji zwi\u0105zanych z witryn\u0105 oraz w celach marketingowych i promocyjnych<\/li>\n<li>Wysy\u0142ania Tobie e-maili<\/li>\n<li>Znajdowania oszustw i zapobiegania im<\/li>\n<\/ul>\n\n<h2>Pliki dziennika<\/h2>\n\n<p>PoleComp post\u0119puje zgodnie ze standardow\u0105 procedur\u0105 korzystania z plik\u00f3w dziennika. Pliki te rejestruj\u0105 odwiedzaj\u0105cych, gdy odwiedzaj\u0105 oni strony internetowe. Wszystkie firmy hostingowe robi\u0105 to i stanowi\u0105 cz\u0119\u015b\u0107 analizy us\u0142ug hostingowych. Informacje gromadzone przez pliki dziennika obejmuj\u0105 adresy protoko\u0142u internetowego (IP), typ przegl\u0105darki, dostawc\u0119 us\u0142ug internetowych (ISP), dat\u0119 i znacznik czasu, strony odsy\u0142aj\u0105ce \/ wyj\u015bciowe i ewentualnie liczb\u0119 klikni\u0119\u0107. Nie s\u0105 one powi\u0105zane z \u017cadnymi informacjami umo\u017cliwiaj\u0105cymi identyfikacj\u0119 osoby. Informacje te s\u0142u\u017c\u0105 do analizowania trend\u00f3w, administrowania witryn\u0105, \u015bledzenia ruchu u\u017cytkownik\u00f3w w witrynie oraz gromadzenia informacji demograficznych.<\/p>\n\n<h2>Pliki cookie i sygnalizatory WWW<\/h2>\n\n<p>Jak ka\u017cda inna witryna, PoleComp u\u017cywa plik\u00f3w \u201ecookies\u201d. Te pliki cookie s\u0142u\u017c\u0105 do przechowywania informacji, w tym preferencji odwiedzaj\u0105cych oraz stron w witrynie, do kt\u00f3rych mia\u0142 dost\u0119p lub kt\u00f3re odwiedzi\u0142. Informacje te s\u0142u\u017c\u0105 do optymalizacji wra\u017ce\u0144 u\u017cytkownik\u00f3w poprzez dostosowywanie zawarto\u015bci naszej strony internetowej w oparciu o typ przegl\u0105darki u\u017cytkownika i \/ lub inne informacje.<\/p>\n\n<p class=\" translation-block\">For more general information on cookies, please read <a href=\"https:\/\/www.privacypolicyonline.com\/what-are-cookies\/\" target=\"_self\">\u201cWhat Are Cookies\u201d from Cookie Consent<\/a>.<\/p>\n\n\n\n<h2>Polityka prywatno\u015bci partner\u00f3w reklamowych<\/h2>\n\n<p>Mo\u017cesz zapozna\u0107 si\u0119 z t\u0105 list\u0105, aby znale\u017a\u0107 Polityk\u0119 prywatno\u015bci dla ka\u017cdego z partner\u00f3w reklamowych PoleComp.<\/p>\n\n<p>Serwery reklamowe lub sieci reklamowe innych firm u\u017cywaj\u0105 technologii takich jak pliki cookie, JavaScript lub sygnalizatory sieci Web, kt\u00f3re s\u0105 u\u017cywane w ich odpowiednich reklamach i linkach, kt\u00f3re pojawiaj\u0105 si\u0119 w PoleComp i kt\u00f3re s\u0105 wysy\u0142ane bezpo\u015brednio do przegl\u0105darki u\u017cytkownika. Gdy to nast\u0105pi, automatycznie otrzymaj\u0105 Tw\u00f3j adres IP. Technologie te s\u0142u\u017c\u0105 do pomiaru skuteczno\u015bci ich kampanii reklamowych i \/ lub personalizacji tre\u015bci reklamowych, kt\u00f3re widzisz na odwiedzanych stronach internetowych.<\/p>\n\n<p>Nale\u017cy pami\u0119ta\u0107, \u017ce PoleComp nie ma dost\u0119pu ani kontroli nad tymi plikami cookie, kt\u00f3re s\u0105 u\u017cywane przez zewn\u0119trznych reklamodawc\u00f3w.<\/p>\n\n<h2>Polityka prywatno\u015bci stron trzecich<\/h2>\n\n<p>Polityka prywatno\u015bci PoleComp nie ma zastosowania do innych reklamodawc\u00f3w ani stron internetowych. W zwi\u0105zku z tym zalecamy zapoznanie si\u0119 z odpowiednimi Politykami prywatno\u015bci tych serwer\u00f3w reklamowych stron trzecich w celu uzyskania bardziej szczeg\u00f3\u0142owych informacji. Mo\u017ce obejmowa\u0107 ich praktyki i instrukcje dotycz\u0105ce rezygnacji z niekt\u00f3rych opcji. <\/p>\n\n<p>Mo\u017cesz wy\u0142\u0105czy\u0107 pliki cookie za pomoc\u0105 indywidualnych opcji przegl\u0105darki. Aby uzyska\u0107 bardziej szczeg\u00f3\u0142owe informacje na temat zarz\u0105dzania plikami cookie w okre\u015blonych przegl\u0105darkach internetowych, mo\u017cna je znale\u017a\u0107 na odpowiednich stronach internetowych przegl\u0105darek.<\/p>\n\n<h2>Prawa ochrony prywatno\u015bci CCPA (nie sprzedawaj moich danych osobowych)<\/h2>\n\n<p>Na mocy CCPA konsumenci w Kalifornii maj\u0105 mi\u0119dzy innymi prawo:<\/p>\n<p>Poprosi\u0107 firm\u0119, kt\u00f3ra zbiera dane osobowe konsumenta, o ujawnienie kategorii i okre\u015blonych danych osobowych, kt\u00f3re firma zebra\u0142a na temat konsument\u00f3w.<\/p>\n<p>Poprosi\u0107 firm\u0119 o usuni\u0119cie wszelkich danych osobowych konsument\u00f3w, kt\u00f3re zebra\u0142a firma.<\/p>\n<p>Poprosi\u0107 firm\u0119, kt\u00f3ra sprzedaje dane osobowe konsumenta, o nie sprzedawanie danych osobowych konsumenta.<\/p>\n<p>Je\u015bli z\u0142o\u017cysz wniosek, mamy miesi\u0105c na odpowied\u017a. Je\u015bli chcesz skorzysta\u0107 z kt\u00f3regokolwiek z tych praw, skontaktuj si\u0119 z nami.<\/p>\n\n<h2>Prawa do ochrony danych RODO<\/h2>\n\n<p>Chcieliby\u015bmy upewni\u0107 si\u0119, \u017ce jeste\u015b w pe\u0142ni \u015bwiadomy wszystkich swoich praw do ochrony danych. Ka\u017cdemu u\u017cytkownikowi przys\u0142uguje:<\/p>\n<p>Prawo dost\u0119pu - Masz prawo za\u017c\u0105da\u0107 kopii swoich danych osobowych. Za t\u0119 us\u0142ug\u0119 mo\u017cemy naliczy\u0107 niewielk\u0105 op\u0142at\u0119.<\/p>\n<p>Prawo do sprostowania - masz prawo za\u017c\u0105da\u0107, aby\u015bmy poprawili wszelkie informacje, kt\u00f3re Twoim zdaniem s\u0105 niedok\u0142adne. Masz r\u00f3wnie\u017c prawo za\u017c\u0105da\u0107 od nas uzupe\u0142nienia informacji, kt\u00f3re Twoim zdaniem s\u0105 niekompletne.<\/p>\n<p>Prawo do usuni\u0119cia - masz prawo za\u017c\u0105da\u0107 od nas usuni\u0119cia Twoich danych osobowych, pod pewnymi warunkami.<\/p>\n<p>Prawo do ograniczenia przetwarzania - Masz prawo za\u017c\u0105da\u0107, aby\u015bmy ograniczyli przetwarzanie Twoich danych osobowych, pod pewnymi warunkami.<\/p>\n<p>Prawo do sprzeciwu wobec przetwarzania - Masz prawo sprzeciwi\u0107 si\u0119 przetwarzaniu przez nas Twoich danych osobowych, pod pewnymi warunkami.<\/p>\n<p>Prawo do przenoszenia danych - masz prawo za\u017c\u0105da\u0107, aby\u015bmy przes\u0142ali zebrane przez nas dane do innej organizacji lub bezpo\u015brednio do Ciebie, pod pewnymi warunkami.<\/p>\n<p>Je\u015bli z\u0142o\u017cysz wniosek, mamy miesi\u0105c na odpowied\u017a. Je\u015bli chcesz skorzysta\u0107 z kt\u00f3regokolwiek z tych praw, skontaktuj si\u0119 z nami.<\/p>\n\n<h2>Informacje dotycz\u0105ce dzieci<\/h2>\n\n<p>Kolejn\u0105 cz\u0119\u015bci\u0105 naszego priorytetu jest zapewnienie ochrony dzieciom podczas korzystania z internetu. Zach\u0119camy rodzic\u00f3w i opiekun\u00f3w do obserwowania, uczestniczenia i \/ lub monitorowania i kierowania ich dzia\u0142aniami online.<\/p>\n\n<p>PoleComp nie gromadzi \u015bwiadomie \u017cadnych danych osobowych od dzieci w wieku poni\u017cej 13 lat. Je\u015bli uwa\u017casz, \u017ce Twoje dziecko udost\u0119pni\u0142o tego rodzaju informacje na naszej stronie internetowej, gor\u0105co zach\u0119camy do natychmiastowego kontaktu z nami, a do\u0142o\u017cymy wszelkich stara\u0144, aby niezw\u0142ocznie usun\u0105\u0107 takie informacje z naszych rejestr\u00f3w.<\/p>\t\t\t\t\t\t<\/div>\n\t\t\t\t<\/div>\n\t\t\t\t\t<\/div>\n\t\t<\/div>\n\t\t\t\t\t\t\t<\/div>\n\t\t<\/section>\n\t\t\t\t\t\t\t<\/div>","protected":false},"excerpt":{"rendered":"<p>Privacy Policy for PoleComp At PoleComp, accessible from PoleComp.com, one of our main priorities is the privacy of our visitors. This Privacy Policy document contains types of information that is collected and recorded by PoleComp and how we use it. If you have additional questions or require more information about our Privacy Policy, do not &hellip;<\/p>\n<p class=\"read-more\"> <a class=\"\" href=\"https:\/\/polecomp.pl\/pl\/privacy-policy\/\">  Read More &raquo;<\/a><\/p>","protected":false},"author":1,"featured_media":0,"parent":0,"menu_order":0,"comment_status":"closed","ping_status":"open","template":"","meta":{"_mi_skip_tracking":false,"site-sidebar-layout":"default","site-content-layout":"default","ast-global-header-display":"","ast-main-header-display":"","ast-hfb-above-header-display":"","ast-hfb-below-header-display":"","ast-hfb-mobile-header-display":"","site-post-title":"","ast-breadcrumbs-content":"","ast-featured-img":"","footer-sml-layout":"","theme-transparent-header-meta":"default","adv-header-id-meta":"","stick-header-meta":"","header-above-stick-meta":"","header-main-stick-meta":"","header-below-stick-meta":""},"aioseo_notices":[],"_links":{"self":[{"href":"https:\/\/polecomp.pl\/pl\/wp-json\/wp\/v2\/pages\/3"}],"collection":[{"href":"https:\/\/polecomp.pl\/pl\/wp-json\/wp\/v2\/pages"}],"about":[{"href":"https:\/\/polecomp.pl\/pl\/wp-json\/wp\/v2\/types\/page"}],"author":[{"embeddable":true,"href":"https:\/\/polecomp.pl\/pl\/wp-json\/wp\/v2\/users\/1"}],"replies":[{"embeddable":true,"href":"https:\/\/polecomp.pl\/pl\/wp-json\/wp\/v2\/comments?post=3"}],"version-history":[{"count":6,"href":"https:\/\/polecomp.pl\/pl\/wp-json\/wp\/v2\/pages\/3\/revisions"}],"predecessor-version":[{"id":790,"href":"https:\/\/polecomp.pl\/pl\/wp-json\/wp\/v2\/pages\/3\/revisions\/790"}],"wp:attachment":[{"href":"https:\/\/polecomp.pl\/pl\/wp-json\/wp\/v2\/media?parent=3"}],"curies":[{"name":"wp","href":"https:\/\/api.w.org\/{rel}","templated":true}]}}